{"id":154,"date":"2023-01-28T15:33:39","date_gmt":"2023-01-28T12:33:39","guid":{"rendered":"https:\/\/fotokeramika.lv\/?page_id=154"},"modified":"2023-03-17T12:55:27","modified_gmt":"2023-03-17T09:55:27","slug":"%d0%be%d1%84%d0%be%d1%80%d0%bc%d0%bb%d0%b5%d0%bd%d0%b8%d0%b5-%d0%b7%d0%b0%d0%ba%d0%b0%d0%b7%d0%b0","status":"publish","type":"page","link":"https:\/\/fotokeramika.lv\/?page_id=154","title":{"rendered":"Pas\u016bt\u012b\u0161ana"},"content":{"rendered":"","protected":false},"excerpt":{"rendered":"","protected":false},"author":1,"featured_media":0,"parent":0,"menu_order":0,"comment_status":"closed","ping_status":"closed","template":"full-width","meta":{"saved_in_kubio":false,"_themeisle_gutenberg_block_has_review":false,"footnotes":""},"class_list":["post-154","page","type-page","status-publish","hentry"],"kubio_ai_page_context":{"short_desc":"","purpose":"general"},"yoast_head":"<!-- This site is optimized with the Yoast SEO plugin v24.4 - https:\/\/yoast.com\/wordpress\/plugins\/seo\/ -->\n<title>Pas\u016bt\u012b\u0161ana -<\/title>\n<meta name=\"robots\" content=\"index, follow, max-snippet:-1, max-image-preview:large, max-video-preview:-1\" \/>\n<link rel=\"canonical\" href=\"https:\/\/fotokeramika.lv\/?page_id=154\" \/>\n<meta property=\"og:locale\" content=\"lv_LV\" \/>\n<meta property=\"og:type\" content=\"article\" \/>\n<meta property=\"og:title\" content=\"[:lv]Pas\u016bt\u012b\u0161ana[:ru]\u041e\u0444\u043e\u0440\u043c\u043b\u0435\u043d\u0438\u0435 \u0437\u0430\u043a\u0430\u0437\u0430[:] -\" \/>\n<meta property=\"og:url\" content=\"https:\/\/fotokeramika.lv\/?page_id=154\" \/>\n<meta property=\"article:modified_time\" content=\"2023-03-17T09:55:27+00:00\" \/>\n<meta name=\"twitter:card\" content=\"summary_large_image\" \/>\n<script type=\"application\/ld+json\" class=\"yoast-schema-graph\">{\"@context\":\"https:\/\/schema.org\",\"@graph\":[{\"@type\":\"WebPage\",\"@id\":\"https:\/\/fotokeramika.lv\/?page_id=154\",\"url\":\"https:\/\/fotokeramika.lv\/?page_id=154\",\"name\":\"[:lv]Pas\u016bt\u012b\u0161ana[:ru]\u041e\u0444\u043e\u0440\u043c\u043b\u0435\u043d\u0438\u0435 \u0437\u0430\u043a\u0430\u0437\u0430[:] -\",\"isPartOf\":{\"@id\":\"https:\/\/fotokeramika.lv\/#website\"},\"datePublished\":\"2023-01-28T12:33:39+00:00\",\"dateModified\":\"2023-03-17T09:55:27+00:00\",\"breadcrumb\":{\"@id\":\"https:\/\/fotokeramika.lv\/?page_id=154#breadcrumb\"},\"inLanguage\":\"lv-LV\",\"potentialAction\":[{\"@type\":\"ReadAction\",\"target\":[\"https:\/\/fotokeramika.lv\/?page_id=154\"]}]},{\"@type\":\"BreadcrumbList\",\"@id\":\"https:\/\/fotokeramika.lv\/?page_id=154#breadcrumb\",\"itemListElement\":[{\"@type\":\"ListItem\",\"position\":1,\"name\":\"\u0413\u043b\u0430\u0432\u043d\u0430\u044f \u0441\u0442\u0440\u0430\u043d\u0438\u0446\u0430\",\"item\":\"https:\/\/fotokeramika.lv\/?lang=ru\"},{\"@type\":\"ListItem\",\"position\":2,\"name\":\"Pas\u016bt\u012b\u0161ana\"}]},{\"@type\":\"WebSite\",\"@id\":\"https:\/\/fotokeramika.lv\/#website\",\"url\":\"https:\/\/fotokeramika.lv\/\",\"name\":\"Fotokeramika\",\"description\":\"\",\"publisher\":{\"@id\":\"https:\/\/fotokeramika.lv\/#organization\"},\"potentialAction\":[{\"@type\":\"SearchAction\",\"target\":{\"@type\":\"EntryPoint\",\"urlTemplate\":\"https:\/\/fotokeramika.lv\/?s={search_term_string}\"},\"query-input\":{\"@type\":\"PropertyValueSpecification\",\"valueRequired\":true,\"valueName\":\"search_term_string\"}}],\"inLanguage\":\"lv-LV\"},{\"@type\":\"Organization\",\"@id\":\"https:\/\/fotokeramika.lv\/#organization\",\"name\":\"SIA \\\"Foto niks\\\"\",\"url\":\"https:\/\/fotokeramika.lv\/\",\"logo\":{\"@type\":\"ImageObject\",\"inLanguage\":\"lv-LV\",\"@id\":\"https:\/\/fotokeramika.lv\/#\/schema\/logo\/image\/\",\"url\":\"https:\/\/fotokeramika.lv\/wp-content\/uploads\/2023\/03\/fotoniks-logo.png\",\"contentUrl\":\"https:\/\/fotokeramika.lv\/wp-content\/uploads\/2023\/03\/fotoniks-logo.png\",\"width\":179,\"height\":71,\"caption\":\"SIA \\\"Foto niks\\\"\"},\"image\":{\"@id\":\"https:\/\/fotokeramika.lv\/#\/schema\/logo\/image\/\"}}]}<\/script>\n<!-- \/ Yoast SEO plugin. -->","yoast_head_json":{"title":"[:lv]Pas\u016bt\u012b\u0161ana[:ru]\u041e\u0444\u043e\u0440\u043c\u043b\u0435\u043d\u0438\u0435 \u0437\u0430\u043a\u0430\u0437\u0430[:] -","robots":{"index":"index","follow":"follow","max-snippet":"max-snippet:-1","max-image-preview":"max-image-preview:large","max-video-preview":"max-video-preview:-1"},"canonical":"https:\/\/fotokeramika.lv\/?page_id=154","og_locale":"lv_LV","og_type":"article","og_title":"[:lv]Pas\u016bt\u012b\u0161ana[:ru]\u041e\u0444\u043e\u0440\u043c\u043b\u0435\u043d\u0438\u0435 \u0437\u0430\u043a\u0430\u0437\u0430[:] -","og_url":"https:\/\/fotokeramika.lv\/?page_id=154","article_modified_time":"2023-03-17T09:55:27+00:00","twitter_card":"summary_large_image","schema":{"@context":"https:\/\/schema.org","@graph":[{"@type":"WebPage","@id":"https:\/\/fotokeramika.lv\/?page_id=154","url":"https:\/\/fotokeramika.lv\/?page_id=154","name":"[:lv]Pas\u016bt\u012b\u0161ana[:ru]\u041e\u0444\u043e\u0440\u043c\u043b\u0435\u043d\u0438\u0435 \u0437\u0430\u043a\u0430\u0437\u0430[:] -","isPartOf":{"@id":"https:\/\/fotokeramika.lv\/#website"},"datePublished":"2023-01-28T12:33:39+00:00","dateModified":"2023-03-17T09:55:27+00:00","breadcrumb":{"@id":"https:\/\/fotokeramika.lv\/?page_id=154#breadcrumb"},"inLanguage":"lv-LV","potentialAction":[{"@type":"ReadAction","target":["https:\/\/fotokeramika.lv\/?page_id=154"]}]},{"@type":"BreadcrumbList","@id":"https:\/\/fotokeramika.lv\/?page_id=154#breadcrumb","itemListElement":[{"@type":"ListItem","position":1,"name":"\u0413\u043b\u0430\u0432\u043d\u0430\u044f \u0441\u0442\u0440\u0430\u043d\u0438\u0446\u0430","item":"https:\/\/fotokeramika.lv\/?lang=ru"},{"@type":"ListItem","position":2,"name":"Pas\u016bt\u012b\u0161ana"}]},{"@type":"WebSite","@id":"https:\/\/fotokeramika.lv\/#website","url":"https:\/\/fotokeramika.lv\/","name":"Fotokeramika","description":"","publisher":{"@id":"https:\/\/fotokeramika.lv\/#organization"},"potentialAction":[{"@type":"SearchAction","target":{"@type":"EntryPoint","urlTemplate":"https:\/\/fotokeramika.lv\/?s={search_term_string}"},"query-input":{"@type":"PropertyValueSpecification","valueRequired":true,"valueName":"search_term_string"}}],"inLanguage":"lv-LV"},{"@type":"Organization","@id":"https:\/\/fotokeramika.lv\/#organization","name":"SIA \"Foto niks\"","url":"https:\/\/fotokeramika.lv\/","logo":{"@type":"ImageObject","inLanguage":"lv-LV","@id":"https:\/\/fotokeramika.lv\/#\/schema\/logo\/image\/","url":"https:\/\/fotokeramika.lv\/wp-content\/uploads\/2023\/03\/fotoniks-logo.png","contentUrl":"https:\/\/fotokeramika.lv\/wp-content\/uploads\/2023\/03\/fotoniks-logo.png","width":179,"height":71,"caption":"SIA \"Foto niks\""},"image":{"@id":"https:\/\/fotokeramika.lv\/#\/schema\/logo\/image\/"}}]}},"_links":{"self":[{"href":"https:\/\/fotokeramika.lv\/index.php?rest_route=\/wp\/v2\/pages\/154","targetHints":{"allow":["GET"]}}],"collection":[{"href":"https:\/\/fotokeramika.lv\/index.php?rest_route=\/wp\/v2\/pages"}],"about":[{"href":"https:\/\/fotokeramika.lv\/index.php?rest_route=\/wp\/v2\/types\/page"}],"author":[{"embeddable":true,"href":"https:\/\/fotokeramika.lv\/index.php?rest_route=\/wp\/v2\/users\/1"}],"replies":[{"embeddable":true,"href":"https:\/\/fotokeramika.lv\/index.php?rest_route=%2Fwp%2Fv2%2Fcomments&post=154"}],"version-history":[{"count":7,"href":"https:\/\/fotokeramika.lv\/index.php?rest_route=\/wp\/v2\/pages\/154\/revisions"}],"predecessor-version":[{"id":250,"href":"https:\/\/fotokeramika.lv\/index.php?rest_route=\/wp\/v2\/pages\/154\/revisions\/250"}],"wp:attachment":[{"href":"https:\/\/fotokeramika.lv\/index.php?rest_route=%2Fwp%2Fv2%2Fmedia&parent=154"}],"curies":[{"name":"wp","href":"https:\/\/api.w.org\/{rel}","templated":true}]}}